{"id":999,"date":"2025-06-10T06:31:49","date_gmt":"2025-06-10T06:31:49","guid":{"rendered":"https:\/\/livingfrompassion2profits.com\/cci\/?page_id=999"},"modified":"2025-06-10T07:00:53","modified_gmt":"2025-06-10T07:00:53","slug":"appels-doffres","status":"publish","type":"page","link":"https:\/\/livingfrompassion2profits.com\/cci\/appels-doffres\/","title":{"rendered":"Appels d\u2019offres"},"content":{"rendered":"\t\t<div data-elementor-type=\"wp-page\" data-elementor-id=\"999\" class=\"elementor elementor-999\" data-elementor-settings=\"{&quot;element_pack_global_tooltip_width&quot;:{&quot;unit&quot;:&quot;px&quot;,&quot;size&quot;:&quot;&quot;,&quot;sizes&quot;:[]},&quot;element_pack_global_tooltip_width_tablet&quot;:{&quot;unit&quot;:&quot;px&quot;,&quot;size&quot;:&quot;&quot;,&quot;sizes&quot;:[]},&quot;element_pack_global_tooltip_width_mobile&quot;:{&quot;unit&quot;:&quot;px&quot;,&quot;size&quot;:&quot;&quot;,&quot;sizes&quot;:[]},&quot;element_pack_global_tooltip_padding&quot;:{&quot;unit&quot;:&quot;px&quot;,&quot;top&quot;:&quot;&quot;,&quot;right&quot;:&quot;&quot;,&quot;bottom&quot;:&quot;&quot;,&quot;left&quot;:&quot;&quot;,&quot;isLinked&quot;:true},&quot;element_pack_global_tooltip_padding_tablet&quot;:{&quot;unit&quot;:&quot;px&quot;,&quot;top&quot;:&quot;&quot;,&quot;right&quot;:&quot;&quot;,&quot;bottom&quot;:&quot;&quot;,&quot;left&quot;:&quot;&quot;,&quot;isLinked&quot;:true},&quot;element_pack_global_tooltip_padding_mobile&quot;:{&quot;unit&quot;:&quot;px&quot;,&quot;top&quot;:&quot;&quot;,&quot;right&quot;:&quot;&quot;,&quot;bottom&quot;:&quot;&quot;,&quot;left&quot;:&quot;&quot;,&quot;isLinked&quot;:true},&quot;element_pack_global_tooltip_border_radius&quot;:{&quot;unit&quot;:&quot;px&quot;,&quot;top&quot;:&quot;&quot;,&quot;right&quot;:&quot;&quot;,&quot;bottom&quot;:&quot;&quot;,&quot;left&quot;:&quot;&quot;,&quot;isLinked&quot;:true},&quot;element_pack_global_tooltip_border_radius_tablet&quot;:{&quot;unit&quot;:&quot;px&quot;,&quot;top&quot;:&quot;&quot;,&quot;right&quot;:&quot;&quot;,&quot;bottom&quot;:&quot;&quot;,&quot;left&quot;:&quot;&quot;,&quot;isLinked&quot;:true},&quot;element_pack_global_tooltip_border_radius_mobile&quot;:{&quot;unit&quot;:&quot;px&quot;,&quot;top&quot;:&quot;&quot;,&quot;right&quot;:&quot;&quot;,&quot;bottom&quot;:&quot;&quot;,&quot;left&quot;:&quot;&quot;,&quot;isLinked&quot;:true}}\" data-elementor-post-type=\"page\">\n\t\t\t\t<div class=\"elementor-element elementor-element-cabfb4e e-flex e-con-boxed e-con e-parent\" data-id=\"cabfb4e\" data-element_type=\"container\" data-e-type=\"container\" data-settings=\"{&quot;background_background&quot;:&quot;classic&quot;}\">\n\t\t\t\t\t<div class=\"e-con-inner\">\n\t\t\t\t<div class=\"elementor-element elementor-element-57d7013 elementor-widget elementor-widget-heading\" data-id=\"57d7013\" data-element_type=\"widget\" data-e-type=\"widget\" data-widget_type=\"heading.default\">\n\t\t\t\t<div class=\"elementor-widget-container\">\n\t\t\t\t\t<h1 class=\"elementor-heading-title elementor-size-default\">Appels d\u2019offres<\/h1>\t\t\t\t<\/div>\n\t\t\t\t<\/div>\n\t\t\t\t<div class=\"elementor-element elementor-element-6bf301e elementor-widget__width-initial elementor-widget-mobile__width-inherit elementor-widget elementor-widget-text-editor\" data-id=\"6bf301e\" data-element_type=\"widget\" data-e-type=\"widget\" data-widget_type=\"text-editor.default\">\n\t\t\t\t<div class=\"elementor-widget-container\">\n\t\t\t\t\t\t\t\t\t<p>Suivez les derni\u00e8res nouvelles, activit\u00e9s, annonces et publications officielles de la Chambre de Commerce et d\u2019Industrie du Burkina Faso.<\/p>\t\t\t\t\t\t\t\t<\/div>\n\t\t\t\t<\/div>\n\t\t\t\t\t<\/div>\n\t\t\t\t<\/div>\n\t\t<div class=\"elementor-element elementor-element-177361b e-flex e-con-boxed e-con e-parent\" data-id=\"177361b\" data-element_type=\"container\" data-e-type=\"container\">\n\t\t\t\t\t<div class=\"e-con-inner\">\n\t\t\t\t<div class=\"elementor-element elementor-element-826b520 elementor-widget elementor-widget-jet-dynamic-table\" data-id=\"826b520\" data-element_type=\"widget\" data-e-type=\"widget\" data-widget_type=\"jet-dynamic-table.default\">\n\t\t\t\t<div class=\"elementor-widget-container\">\n\t\t\t\t\t<style><\/style><div class=\"jet-dynamic-table-wrapper\" style=\"max-width: 100%; overflow: auto;\"><table class=\"jet-dynamic-table\" data-table-id=\"7\" data-query-id=\"6\"><thead class=\"jet-dynamic-table__header\"><tr class=\"jet-dynamic-table__row jet-dynamic-table__row--header\" ><th class=\"jet-dynamic-table__col jet-dynamic-table__col--titre\" >Titre<\/th><th class=\"jet-dynamic-table__col jet-dynamic-table__col--datedepublication\" >Date de publication<\/th><th class=\"jet-dynamic-table__col jet-dynamic-table__col--clture\" >Cl\u00f4ture<\/th><th class=\"jet-dynamic-table__col jet-dynamic-table__col--tat\" >\u00c9tat<\/th><th class=\"jet-dynamic-table__col jet-dynamic-table__col--dossier\" >Dossier<\/th><th class=\"jet-dynamic-table__col jet-dynamic-table__col--voir\" >Voir<\/th><\/tr><\/thead><tbody class=\"jet-dynamic-table__body\"><tr class=\"jet-dynamic-table__row jet-dynamic-table__row--header\" data-item-object=\"991\"><td class=\"jet-dynamic-table__col jet-dynamic-table__col--titre\" >Fourniture de mat\u00e9riel informatique pour la CCI-BF<\/td><td class=\"jet-dynamic-table__col jet-dynamic-table__col--datedepublication\" >June 10, 2025<\/td><td class=\"jet-dynamic-table__col jet-dynamic-table__col--clture\" >August 20, 2025<\/td><td class=\"jet-dynamic-table__col jet-dynamic-table__col--tat\" ><span class=\"status-label\">Open<\/span>\n<\/td><td class=\"jet-dynamic-table__col jet-dynamic-table__col--dossier\" ><a href=\"https:\/\/livingfrompassion2profits.com\/cci\/cci-public-tenders\/fourniture-de-materiel-informatique-pour-la-cci-bf\/test\/\" class=\"elementor-button\">T\u00e9l\u00e9charger <\/a> <\/td><td class=\"jet-dynamic-table__col jet-dynamic-table__col--voir\" ><a href=\"https:\/\/livingfrompassion2profits.com\/cci\/cci-public-tenders\/fourniture-de-materiel-informatique-pour-la-cci-bf\/\" class=\"btn-view-tender\">Voir<\/a><\/td><\/tr><tr class=\"jet-dynamic-table__row jet-dynamic-table__row--header\" data-item-object=\"993\"><td class=\"jet-dynamic-table__col jet-dynamic-table__col--titre\" >Travaux de r\u00e9habilitation du centre de formation de la CCI-BF<\/td><td class=\"jet-dynamic-table__col jet-dynamic-table__col--datedepublication\" >June 5, 2025<\/td><td class=\"jet-dynamic-table__col jet-dynamic-table__col--clture\" ><\/td><td class=\"jet-dynamic-table__col jet-dynamic-table__col--tat\" ><span class=\"status-label\"><\/span>\n<\/td><td class=\"jet-dynamic-table__col jet-dynamic-table__col--dossier\" ><a href=\"https:\/\/livingfrompassion2profits.com\/cci\/cci-public-tenders\/fourniture-de-materiel-informatique-pour-la-cci-bf\/test\/\" class=\"elementor-button\">T\u00e9l\u00e9charger <\/a> <\/td><td class=\"jet-dynamic-table__col jet-dynamic-table__col--voir\" ><a href=\"https:\/\/livingfrompassion2profits.com\/cci\/cci-public-tenders\/travaux-de-rehabilitation-du-centre-de-formation-de-la-cci-bf\/\" class=\"btn-view-tender\">Voir<\/a><\/td><\/tr><tr class=\"jet-dynamic-table__row jet-dynamic-table__row--header\" data-item-object=\"995\"><td class=\"jet-dynamic-table__col jet-dynamic-table__col--titre\" >\u00c9tude de faisabilit\u00e9 pour un projet d'incubateur r\u00e9gional<\/td><td class=\"jet-dynamic-table__col jet-dynamic-table__col--datedepublication\" >May 25, 2025<\/td><td class=\"jet-dynamic-table__col jet-dynamic-table__col--clture\" ><\/td><td class=\"jet-dynamic-table__col jet-dynamic-table__col--tat\" ><span class=\"status-label\"><\/span>\n<\/td><td class=\"jet-dynamic-table__col jet-dynamic-table__col--dossier\" ><a href=\"https:\/\/livingfrompassion2profits.com\/cci\/cci-public-tenders\/fourniture-de-materiel-informatique-pour-la-cci-bf\/test\/\" class=\"elementor-button\">T\u00e9l\u00e9charger <\/a> <\/td><td class=\"jet-dynamic-table__col jet-dynamic-table__col--voir\" ><a href=\"https:\/\/livingfrompassion2profits.com\/cci\/cci-public-tenders\/etude-de-faisabilite-pour-un-projet-dincubateur-regional\/\" class=\"btn-view-tender\">Voir<\/a><\/td><\/tr><\/tbody><\/table><\/div>\t\t\t\t<\/div>\n\t\t\t\t<\/div>\n\t\t\t\t\t<\/div>\n\t\t\t\t<\/div>\n\t\t\t\t<\/div>\n\t\t","protected":false},"excerpt":{"rendered":"<p>Appels d\u2019offres Suivez les derni\u00e8res nouvelles, activit\u00e9s, annonces et publications officielles de la Chambre de Commerce et d\u2019Industrie du Burkina Faso. Titre Date de publication Cl\u00f4ture \u00c9tat Dossier Fourniture de mat\u00e9riel informatique pour la CCI-BF juin 10, 2025 juillet 28, 2025 Open T\u00e9l\u00e9charger PDF Travaux de r\u00e9habilitation du centre de formation de la CCI-BF juin [&hellip;]<\/p>\n","protected":false},"author":1,"featured_media":0,"parent":0,"menu_order":0,"comment_status":"closed","ping_status":"closed","template":"","meta":{"footnotes":""},"class_list":["post-999","page","type-page","status-publish","hentry"],"_links":{"self":[{"href":"https:\/\/livingfrompassion2profits.com\/cci\/wp-json\/wp\/v2\/pages\/999","targetHints":{"allow":["GET"]}}],"collection":[{"href":"https:\/\/livingfrompassion2profits.com\/cci\/wp-json\/wp\/v2\/pages"}],"about":[{"href":"https:\/\/livingfrompassion2profits.com\/cci\/wp-json\/wp\/v2\/types\/page"}],"author":[{"embeddable":true,"href":"https:\/\/livingfrompassion2profits.com\/cci\/wp-json\/wp\/v2\/users\/1"}],"replies":[{"embeddable":true,"href":"https:\/\/livingfrompassion2profits.com\/cci\/wp-json\/wp\/v2\/comments?post=999"}],"version-history":[{"count":24,"href":"https:\/\/livingfrompassion2profits.com\/cci\/wp-json\/wp\/v2\/pages\/999\/revisions"}],"predecessor-version":[{"id":1029,"href":"https:\/\/livingfrompassion2profits.com\/cci\/wp-json\/wp\/v2\/pages\/999\/revisions\/1029"}],"wp:attachment":[{"href":"https:\/\/livingfrompassion2profits.com\/cci\/wp-json\/wp\/v2\/media?parent=999"}],"curies":[{"name":"wp","href":"https:\/\/api.w.org\/{rel}","templated":true}]}}